{"id":4934,"date":"2021-06-14T09:17:05","date_gmt":"2021-06-14T13:17:05","guid":{"rendered":"http:\/\/cabsutton.com\/?page_id=4934"},"modified":"2024-12-04T13:25:44","modified_gmt":"2024-12-04T18:25:44","slug":"give","status":"publish","type":"page","link":"https:\/\/cabsutton.com\/en\/give\/","title":{"rendered":"Donate"},"content":{"rendered":"\n<h1>\n\t\tMake a donation\n\t<\/h1>\n<h1>\n\t\tYour donation to CAB Sutton helps us :\n\t<\/h1>\n\t\t<h4><a href=\"http:\/\/cabsutton.com\/services-offerts\/securite-alimentaire\/\" target=\"_self\">Food bank<\/a><\/h4>\t\n\t\t\t\t\t\t\t\t<a href=\"http:\/\/cabsutton.com\/services-offerts\/securite-alimentaire\/\" target=\"_self\">\n\t\t\t\tS\u00e9curit\u00e9 alimentaire\n\t\t\t\t\t\t<\/a>\n\t<p>Distribute over $40,&nbsp;,000 in food with the Food Bank<\/p>\n\t\t<h4><a href=\"http:\/\/cabsutton.com\/soutien-aux-aines\/#ressource-50\" target=\"_self\">Meals on wheels<\/a><\/h4>\t\n\t\t\t\t\t\t\t\t<a href=\"http:\/\/cabsutton.com\/soutien-aux-aines\/#ressource-50\" target=\"_self\">\n\t\t\t\tTravail de proximit\u00e9\n\t\t\t\t\t\t<\/a>\n\t<p>Delivering up to 1,500 meals a year with Meals on Wheels<\/p>\n\t\t<h4><a href=\"http:\/\/cabsutton.com\/contribuer-contribute-2\/\" target=\"_self\">Homework help<\/a><\/h4>\t\n\t\t\t\t\t\t\t\t<a href=\"http:\/\/cabsutton.com\/contribuer-contribute-2\/\" target=\"_self\">\n\t\t\t\tS\u00e9curit\u00e9 alimentaire\n\t\t\t\t\t\t<\/a>\n\t<p>Support 10-15 students in their learning with Homework Help<\/p>\n\t\t<h4><a href=\"http:\/\/cabsutton.com\/soutien-aux-familles\/\" target=\"_self\">50+ resource<\/a><\/h4>\t\n\t\t\t\t\t\t\t\t<a href=\"http:\/\/cabsutton.com\/soutien-aux-familles\/\" target=\"_self\">\n\t\t\t\tSant\u00e9 et apprentissage\n\t\t\t\t\t\t<\/a>\n\t<p>Reach over 200 seniors with Ressource 50+ and its varied programming<\/p>\n<h3>\n\t\tAnd so much more!\n\t<\/h3>\n<h2>\n\t\tOnline donations\n\t<\/h2>\n\n","protected":false},"excerpt":{"rendered":"<p>Make a donation Your donation to CAB Sutton helps us : Food bank S\u00e9curit\u00e9 alimentaire Distribute over $40,&nbsp;,000 in food with the Food Bank Meals on wheels Travail de proximit\u00e9 Delivering up to 1,500 meals a year with Meals on Wheels Homework help S\u00e9curit\u00e9 alimentaire Support 10-15 students in their learning with Homework Help 50+&hellip;<\/p>\n","protected":false},"author":8,"featured_media":0,"parent":0,"menu_order":600,"comment_status":"closed","ping_status":"closed","template":"","meta":{"footnotes":""},"class_list":["post-4934","page","type-page","status-publish","hentry"],"yoast_head":"<!-- This site is optimized with the Yoast SEO plugin v27.3 - https:\/\/yoast.com\/product\/yoast-seo-wordpress\/ -->\n<title>Donate - Sutton Volunteer Centre<\/title>\n<meta name=\"robots\" content=\"index, follow, max-snippet:-1, max-image-preview:large, max-video-preview:-1\" \/>\n<link rel=\"canonical\" href=\"https:\/\/cabsutton.com\/en\/give\/\" \/>\n<meta property=\"og:locale\" content=\"en_US\" \/>\n<meta property=\"og:type\" content=\"article\" \/>\n<meta property=\"og:title\" content=\"Donate - Sutton Volunteer Centre\" \/>\n<meta property=\"og:description\" content=\"Make a donation Your donation to CAB Sutton helps us : Food bank S\u00e9curit\u00e9 alimentaire Distribute over $40,&nbsp;,000 in food with the Food Bank Meals on wheels Travail de proximit\u00e9 Delivering up to 1,500 meals a year with Meals on Wheels Homework help S\u00e9curit\u00e9 alimentaire Support 10-15 students in their learning with Homework Help 50+&hellip;\" \/>\n<meta property=\"og:url\" content=\"https:\/\/cabsutton.com\/en\/give\/\" \/>\n<meta property=\"og:site_name\" content=\"Sutton Volunteer Centre\" \/>\n<meta property=\"article:modified_time\" content=\"2024-12-04T18:25:44+00:00\" \/>\n<meta name=\"twitter:card\" content=\"summary_large_image\" \/>\n<script type=\"application\/ld+json\" class=\"yoast-schema-graph\">{\"@context\":\"https:\\\/\\\/schema.org\",\"@graph\":[{\"@type\":\"WebPage\",\"@id\":\"https:\\\/\\\/cabsutton.com\\\/en\\\/give\\\/\",\"url\":\"https:\\\/\\\/cabsutton.com\\\/en\\\/give\\\/\",\"name\":\"Donate - Sutton Volunteer Centre\",\"isPartOf\":{\"@id\":\"https:\\\/\\\/cabsutton.com\\\/en\\\/#website\"},\"datePublished\":\"2021-06-14T13:17:05+00:00\",\"dateModified\":\"2024-12-04T18:25:44+00:00\",\"breadcrumb\":{\"@id\":\"https:\\\/\\\/cabsutton.com\\\/en\\\/give\\\/#breadcrumb\"},\"inLanguage\":\"en-US\",\"potentialAction\":[{\"@type\":\"ReadAction\",\"target\":[\"https:\\\/\\\/cabsutton.com\\\/en\\\/give\\\/\"]}]},{\"@type\":\"BreadcrumbList\",\"@id\":\"https:\\\/\\\/cabsutton.com\\\/en\\\/give\\\/#breadcrumb\",\"itemListElement\":[{\"@type\":\"ListItem\",\"position\":1,\"name\":\"Home\",\"item\":\"https:\\\/\\\/cabsutton.com\\\/en\\\/\"},{\"@type\":\"ListItem\",\"position\":2,\"name\":\"Donate\"}]},{\"@type\":\"WebSite\",\"@id\":\"https:\\\/\\\/cabsutton.com\\\/en\\\/#website\",\"url\":\"https:\\\/\\\/cabsutton.com\\\/en\\\/\",\"name\":\"Sutton Volunteer Centre\",\"description\":\"Improving the social fabric of the communities of Sutton and Abercorn\",\"potentialAction\":[{\"@type\":\"SearchAction\",\"target\":{\"@type\":\"EntryPoint\",\"urlTemplate\":\"https:\\\/\\\/cabsutton.com\\\/en\\\/?s={search_term_string}\"},\"query-input\":{\"@type\":\"PropertyValueSpecification\",\"valueRequired\":true,\"valueName\":\"search_term_string\"}}],\"inLanguage\":\"en-US\"}]}<\/script>\n<!-- \/ Yoast SEO plugin. -->","yoast_head_json":{"title":"Donate - Sutton Volunteer Centre","robots":{"index":"index","follow":"follow","max-snippet":"max-snippet:-1","max-image-preview":"max-image-preview:large","max-video-preview":"max-video-preview:-1"},"canonical":"https:\/\/cabsutton.com\/en\/give\/","og_locale":"en_US","og_type":"article","og_title":"Donate - Sutton Volunteer Centre","og_description":"Make a donation Your donation to CAB Sutton helps us : Food bank S\u00e9curit\u00e9 alimentaire Distribute over $40,&nbsp;,000 in food with the Food Bank Meals on wheels Travail de proximit\u00e9 Delivering up to 1,500 meals a year with Meals on Wheels Homework help S\u00e9curit\u00e9 alimentaire Support 10-15 students in their learning with Homework Help 50+&hellip;","og_url":"https:\/\/cabsutton.com\/en\/give\/","og_site_name":"Sutton Volunteer Centre","article_modified_time":"2024-12-04T18:25:44+00:00","twitter_card":"summary_large_image","schema":{"@context":"https:\/\/schema.org","@graph":[{"@type":"WebPage","@id":"https:\/\/cabsutton.com\/en\/give\/","url":"https:\/\/cabsutton.com\/en\/give\/","name":"Donate - Sutton Volunteer Centre","isPartOf":{"@id":"https:\/\/cabsutton.com\/en\/#website"},"datePublished":"2021-06-14T13:17:05+00:00","dateModified":"2024-12-04T18:25:44+00:00","breadcrumb":{"@id":"https:\/\/cabsutton.com\/en\/give\/#breadcrumb"},"inLanguage":"en-US","potentialAction":[{"@type":"ReadAction","target":["https:\/\/cabsutton.com\/en\/give\/"]}]},{"@type":"BreadcrumbList","@id":"https:\/\/cabsutton.com\/en\/give\/#breadcrumb","itemListElement":[{"@type":"ListItem","position":1,"name":"Home","item":"https:\/\/cabsutton.com\/en\/"},{"@type":"ListItem","position":2,"name":"Donate"}]},{"@type":"WebSite","@id":"https:\/\/cabsutton.com\/en\/#website","url":"https:\/\/cabsutton.com\/en\/","name":"Sutton Volunteer Centre","description":"Improving the social fabric of the communities of Sutton and Abercorn","potentialAction":[{"@type":"SearchAction","target":{"@type":"EntryPoint","urlTemplate":"https:\/\/cabsutton.com\/en\/?s={search_term_string}"},"query-input":{"@type":"PropertyValueSpecification","valueRequired":true,"valueName":"search_term_string"}}],"inLanguage":"en-US"}]}},"_links":{"self":[{"href":"https:\/\/cabsutton.com\/en\/wp-json\/wp\/v2\/pages\/4934","targetHints":{"allow":["GET"]}}],"collection":[{"href":"https:\/\/cabsutton.com\/en\/wp-json\/wp\/v2\/pages"}],"about":[{"href":"https:\/\/cabsutton.com\/en\/wp-json\/wp\/v2\/types\/page"}],"author":[{"embeddable":true,"href":"https:\/\/cabsutton.com\/en\/wp-json\/wp\/v2\/users\/8"}],"replies":[{"embeddable":true,"href":"https:\/\/cabsutton.com\/en\/wp-json\/wp\/v2\/comments?post=4934"}],"version-history":[{"count":4,"href":"https:\/\/cabsutton.com\/en\/wp-json\/wp\/v2\/pages\/4934\/revisions"}],"predecessor-version":[{"id":9673,"href":"https:\/\/cabsutton.com\/en\/wp-json\/wp\/v2\/pages\/4934\/revisions\/9673"}],"wp:attachment":[{"href":"https:\/\/cabsutton.com\/en\/wp-json\/wp\/v2\/media?parent=4934"}],"curies":[{"name":"wp","href":"https:\/\/api.w.org\/{rel}","templated":true}]}}