{"id":4710,"date":"2021-06-14T09:15:29","date_gmt":"2021-06-14T13:15:29","guid":{"rendered":"http:\/\/cabsutton.com\/?page_id=4710"},"modified":"2024-08-02T09:07:17","modified_gmt":"2024-08-02T13:07:17","slug":"services","status":"publish","type":"page","link":"https:\/\/cabsutton.com\/en\/services\/","title":{"rendered":"Services"},"content":{"rendered":"\n<h1>\n\t\tOur services\n\t<\/h1>\n<h1>\n\t\tOur services\n\t<\/h1>\n\t\t<h4><a href=\"http:\/\/cabsutton.com\/services\/securite-alimentaire\/\" target=\"_self\" rel=\"noopener\">Safety<br \/><\/a><\/h4>\t\n\t\t\t\t\t\t\t\t<a href=\"http:\/\/cabsutton.com\/services\/securite-alimentaire\/\" target=\"_self\" rel=\"noopener\">\n\t\t\t\tS\u00e9curit\u00e9 alimentaire\n\t\t\t\t\t\t<\/a>\n\t<ul>\n<li>Food bank<\/li>\n<li>Meals on wheels<\/li>\n<li>Collective kitchen<\/li>\n<li>Anti-waste table<\/li>\n<li>Gardens for generations<\/li>\n<li>School Snack Program<\/li>\n<\/ul>\n\t\t<h4><a href=\"http:\/\/cabsutton.com\/soutien-aux-aines\/\" target=\"_self\" rel=\"noopener\">Support<br \/>for seniors<\/a><\/h4>\t\n\t\t\t\t\t\t\t\t<a href=\"http:\/\/cabsutton.com\/soutien-aux-aines\/\" target=\"_self\" rel=\"noopener\">\n\t\t\t\tTravail de proximit\u00e9\n\t\t\t\t\t\t<\/a>\n\t<ul>\n<li>50+ resource<\/li>\n<li>Meals on wheels<\/li>\n<li>50+ coffee<\/li>\n<li>Sutton and Abercorn Seniors&#8217; Directory<\/li>\n<\/ul>\n\t\t<h4><a href=\"http:\/\/cabsutton.com\/soutien-aux-familles\/\" target=\"_self\" rel=\"noopener\">Family support<br \/><\/a><\/h4>\t\n\t\t\t\t\t\t\t\t<a href=\"http:\/\/cabsutton.com\/soutien-aux-familles\/\" target=\"_self\" rel=\"noopener\">\n\t\t\t\tS\u00e9curit\u00e9 alimentaire\n\t\t\t\t\t\t<\/a>\n\t<ul>\n<li>Family resource<\/li>\n<li>Community Outreach<\/li>\n<li>Baby Drop-in<\/li>\n<li>Prenatal and vaccination services<\/li>\n<li>Toy library<\/li>\n<li>Toddler repair<\/li>\n<li>Babysitting list<\/li>\n<li>Homework Assistance<\/li>\n<li>United Way September Operation<\/li>\n<\/ul>\n\t\t<h4><a href=\"https:\/\/cabsutton.com\/contribuer\/\" target=\"_self\" rel=\"noopener\">Volunteer + community support<\/a><\/h4>\t\n\t\t\t\t\t\t\t\t<a href=\"https:\/\/cabsutton.com\/contribuer\/\" target=\"_self\" rel=\"noopener\">\n\t\t\t\tSant\u00e9 et apprentissage\n\t\t\t\t\t\t<\/a>\n\t<ul>\n<li><a href=\"https:\/\/cabsutton.com\/en\/services\/volunteering\/\">Volunteer work<\/a><\/li>\n<li><a href=\"https:\/\/cabsutton.com\/en\/news\/cab-newsletter\/\">Newsletter &#8211; Community bulletin board<\/a><\/li>\n<li><a href=\"https:\/\/cabsutton.com\/en\/news\/\">Events<\/a><\/li>\n<\/ul>\n<h2>\n\t\tStay informed\n\t<\/h2>\n\t<p>Follow us on <a href=\"https:\/\/www.facebook.com\/RessourcefamilleSutton\/\" rel=\"noopener\" target=\"_blank\"> Facebook<\/a> and <a href=\"https:\/\/www.instagram.com\/maisondesgenerations\/\" rel=\"noopener\" target=\"_blank\"> Instagram<\/a>.<\/p>\n\n","protected":false},"excerpt":{"rendered":"<p>Our services Our services Safety S\u00e9curit\u00e9 alimentaire Food bank Meals on wheels Collective kitchen Anti-waste table Gardens for generations School Snack Program Supportfor seniors Travail de proximit\u00e9 50+ resource Meals on wheels 50+ coffee Sutton and Abercorn Seniors&#8217; Directory Family support S\u00e9curit\u00e9 alimentaire Family resource Community Outreach Baby Drop-in Prenatal and vaccination services Toy library&hellip;<\/p>\n","protected":false},"author":8,"featured_media":0,"parent":0,"menu_order":200,"comment_status":"closed","ping_status":"closed","template":"","meta":{"footnotes":""},"class_list":["post-4710","page","type-page","status-publish","hentry"],"yoast_head":"<!-- This site is optimized with the Yoast SEO plugin v27.4 - https:\/\/yoast.com\/product\/yoast-seo-wordpress\/ -->\n<title>Services - Sutton Volunteer Centre<\/title>\n<meta name=\"robots\" content=\"index, follow, max-snippet:-1, max-image-preview:large, max-video-preview:-1\" \/>\n<link rel=\"canonical\" href=\"https:\/\/cabsutton.com\/en\/services\/\" \/>\n<meta property=\"og:locale\" content=\"en_US\" \/>\n<meta property=\"og:type\" content=\"article\" \/>\n<meta property=\"og:title\" content=\"Services - Sutton Volunteer Centre\" \/>\n<meta property=\"og:description\" content=\"Our services Our services Safety S\u00e9curit\u00e9 alimentaire Food bank Meals on wheels Collective kitchen Anti-waste table Gardens for generations School Snack Program Supportfor seniors Travail de proximit\u00e9 50+ resource Meals on wheels 50+ coffee Sutton and Abercorn Seniors&#8217; Directory Family support S\u00e9curit\u00e9 alimentaire Family resource Community Outreach Baby Drop-in Prenatal and vaccination services Toy library&hellip;\" \/>\n<meta property=\"og:url\" content=\"https:\/\/cabsutton.com\/en\/services\/\" \/>\n<meta property=\"og:site_name\" content=\"Sutton Volunteer Centre\" \/>\n<meta property=\"article:modified_time\" content=\"2024-08-02T13:07:17+00:00\" \/>\n<meta name=\"twitter:card\" content=\"summary_large_image\" \/>\n<meta name=\"twitter:label1\" content=\"Est. reading time\" \/>\n\t<meta name=\"twitter:data1\" content=\"1 minute\" \/>\n<script type=\"application\/ld+json\" class=\"yoast-schema-graph\">{\"@context\":\"https:\\\/\\\/schema.org\",\"@graph\":[{\"@type\":\"WebPage\",\"@id\":\"https:\\\/\\\/cabsutton.com\\\/en\\\/services\\\/\",\"url\":\"https:\\\/\\\/cabsutton.com\\\/en\\\/services\\\/\",\"name\":\"Services - Sutton Volunteer Centre\",\"isPartOf\":{\"@id\":\"https:\\\/\\\/cabsutton.com\\\/en\\\/#website\"},\"datePublished\":\"2021-06-14T13:15:29+00:00\",\"dateModified\":\"2024-08-02T13:07:17+00:00\",\"breadcrumb\":{\"@id\":\"https:\\\/\\\/cabsutton.com\\\/en\\\/services\\\/#breadcrumb\"},\"inLanguage\":\"en-US\",\"potentialAction\":[{\"@type\":\"ReadAction\",\"target\":[\"https:\\\/\\\/cabsutton.com\\\/en\\\/services\\\/\"]}]},{\"@type\":\"BreadcrumbList\",\"@id\":\"https:\\\/\\\/cabsutton.com\\\/en\\\/services\\\/#breadcrumb\",\"itemListElement\":[{\"@type\":\"ListItem\",\"position\":1,\"name\":\"Home\",\"item\":\"https:\\\/\\\/cabsutton.com\\\/en\\\/\"},{\"@type\":\"ListItem\",\"position\":2,\"name\":\"Services\"}]},{\"@type\":\"WebSite\",\"@id\":\"https:\\\/\\\/cabsutton.com\\\/en\\\/#website\",\"url\":\"https:\\\/\\\/cabsutton.com\\\/en\\\/\",\"name\":\"Sutton Volunteer Centre\",\"description\":\"Improving the social fabric of the communities of Sutton and Abercorn\",\"potentialAction\":[{\"@type\":\"SearchAction\",\"target\":{\"@type\":\"EntryPoint\",\"urlTemplate\":\"https:\\\/\\\/cabsutton.com\\\/en\\\/?s={search_term_string}\"},\"query-input\":{\"@type\":\"PropertyValueSpecification\",\"valueRequired\":true,\"valueName\":\"search_term_string\"}}],\"inLanguage\":\"en-US\"}]}<\/script>\n<!-- \/ Yoast SEO plugin. -->","yoast_head_json":{"title":"Services - Sutton Volunteer Centre","robots":{"index":"index","follow":"follow","max-snippet":"max-snippet:-1","max-image-preview":"max-image-preview:large","max-video-preview":"max-video-preview:-1"},"canonical":"https:\/\/cabsutton.com\/en\/services\/","og_locale":"en_US","og_type":"article","og_title":"Services - Sutton Volunteer Centre","og_description":"Our services Our services Safety S\u00e9curit\u00e9 alimentaire Food bank Meals on wheels Collective kitchen Anti-waste table Gardens for generations School Snack Program Supportfor seniors Travail de proximit\u00e9 50+ resource Meals on wheels 50+ coffee Sutton and Abercorn Seniors&#8217; Directory Family support S\u00e9curit\u00e9 alimentaire Family resource Community Outreach Baby Drop-in Prenatal and vaccination services Toy library&hellip;","og_url":"https:\/\/cabsutton.com\/en\/services\/","og_site_name":"Sutton Volunteer Centre","article_modified_time":"2024-08-02T13:07:17+00:00","twitter_card":"summary_large_image","twitter_misc":{"Est. reading time":"1 minute"},"schema":{"@context":"https:\/\/schema.org","@graph":[{"@type":"WebPage","@id":"https:\/\/cabsutton.com\/en\/services\/","url":"https:\/\/cabsutton.com\/en\/services\/","name":"Services - Sutton Volunteer Centre","isPartOf":{"@id":"https:\/\/cabsutton.com\/en\/#website"},"datePublished":"2021-06-14T13:15:29+00:00","dateModified":"2024-08-02T13:07:17+00:00","breadcrumb":{"@id":"https:\/\/cabsutton.com\/en\/services\/#breadcrumb"},"inLanguage":"en-US","potentialAction":[{"@type":"ReadAction","target":["https:\/\/cabsutton.com\/en\/services\/"]}]},{"@type":"BreadcrumbList","@id":"https:\/\/cabsutton.com\/en\/services\/#breadcrumb","itemListElement":[{"@type":"ListItem","position":1,"name":"Home","item":"https:\/\/cabsutton.com\/en\/"},{"@type":"ListItem","position":2,"name":"Services"}]},{"@type":"WebSite","@id":"https:\/\/cabsutton.com\/en\/#website","url":"https:\/\/cabsutton.com\/en\/","name":"Sutton Volunteer Centre","description":"Improving the social fabric of the communities of Sutton and Abercorn","potentialAction":[{"@type":"SearchAction","target":{"@type":"EntryPoint","urlTemplate":"https:\/\/cabsutton.com\/en\/?s={search_term_string}"},"query-input":{"@type":"PropertyValueSpecification","valueRequired":true,"valueName":"search_term_string"}}],"inLanguage":"en-US"}]}},"_links":{"self":[{"href":"https:\/\/cabsutton.com\/en\/wp-json\/wp\/v2\/pages\/4710","targetHints":{"allow":["GET"]}}],"collection":[{"href":"https:\/\/cabsutton.com\/en\/wp-json\/wp\/v2\/pages"}],"about":[{"href":"https:\/\/cabsutton.com\/en\/wp-json\/wp\/v2\/types\/page"}],"author":[{"embeddable":true,"href":"https:\/\/cabsutton.com\/en\/wp-json\/wp\/v2\/users\/8"}],"replies":[{"embeddable":true,"href":"https:\/\/cabsutton.com\/en\/wp-json\/wp\/v2\/comments?post=4710"}],"version-history":[{"count":5,"href":"https:\/\/cabsutton.com\/en\/wp-json\/wp\/v2\/pages\/4710\/revisions"}],"predecessor-version":[{"id":9520,"href":"https:\/\/cabsutton.com\/en\/wp-json\/wp\/v2\/pages\/4710\/revisions\/9520"}],"wp:attachment":[{"href":"https:\/\/cabsutton.com\/en\/wp-json\/wp\/v2\/media?parent=4710"}],"curies":[{"name":"wp","href":"https:\/\/api.w.org\/{rel}","templated":true}]}}