{"id":4641,"date":"2021-05-26T10:51:27","date_gmt":"2021-05-26T14:51:27","guid":{"rendered":"http:\/\/cabsutton.com\/?page_id=4641"},"modified":"2024-07-30T14:32:14","modified_gmt":"2024-07-30T18:32:14","slug":"press-media","status":"publish","type":"page","link":"https:\/\/cabsutton.com\/en\/press-media\/","title":{"rendered":"Press &#038; Media"},"content":{"rendered":"\n<h2>\n\t\tPress releases\n\t<\/h2>\n\t<ul>\n<li><a href=\"http:\/\/cabsutton.com\/wp-content\/uploads\/2021\/06\/Press-Release_CAB-OLIVET.pdf\" target=\"_blank\" rel=\"noopener\">The Olivet Church welcomes the CAB Sutton&#8217;s Maison des g\u00e9n\u00e9rations-Olivet House<\/a>, Sutton, May 17, 2021<\/li>\n<\/ul>\n<h2>\n\t\tMedia coverage\n\t<\/h2>\n<h3>\n\t\tMaison des g\u00e9n\u00e9rations-Olivet House\n\t<\/h3>\n\t\t\t\t<img loading=\"lazy\" decoding=\"async\" src=\"http:\/\/cabsutton.com\/wp-content\/uploads\/2021\/06\/1-MDG.jpg\" alt=\"Maison des g\u00e9n\u00e9rations\" itemprop=\"image\" height=\"200\" width=\"200\" title=\"Maison des g\u00e9n\u00e9rations\" onerror=\"this.style.display='none'\"  \/>\n\t<p><a href=\"https:\/\/cabsutton.com\/en\/evenement\/anti-waste-table-3\/\">La Maison des g\u00e9n\u00e9rations ouvre ses portes \u00e0 Sutton<\/a>, J\u00e9r\u00f4me Savary, La Voix de l&#8217;Est, October 4th, 2023<\/p>\n<p><a href=\"https:\/\/m105.ca\/actualite\/les-nouvelles-installations-du-cab-sutton-devoilees\/\">Les nouvelles installations du CAB Sutton d\u00e9voil\u00e9es<\/a>, M105, 4 octobre 2023<\/p>\n<p><a href=\"https:\/\/journalletour.com\/cab-sutton-40-ans\/\">CAB Sutton a 40 ans<\/a>, Daphn\u00e9e Poirier, Journal le Tour, 6 juin 2023<\/p>\n<p><a href=\"https:\/\/www.lavoixdelest.ca\/2022\/11\/10\/plus-dun-demi-million-pour-la-maison-des-generations-de-sutton-e86dd30447557c367cb7bf782eaf9592\">Plus d&#8217;un demi-million pour la Maison des g\u00e9n\u00e9rations de Sutton<\/a>, \u00c9tienne Bouthillier, La Voix de l&#8217;Est, 10 novembre 2022<\/p>\n<p><a href=\"https:\/\/www.journalleguide.com\/actualites\/la-maison-des-generations-presente-ses-premieres-images\/\">La Maison des g\u00e9n\u00e9rations pr\u00e9sente ses premi\u00e8res images<\/a>, Xavier Demers, Le Guide, 14 septembre 2022<\/p>\n<p><a href=\"http:\/\/La Maison des g\u00e9n\u00e9rations de Sutton pourrait ouvrir en 2023\">La Maison des g\u00e9n\u00e9rations de Sutton pourrait ouvrir en 2023<\/a>, J\u00e9r\u00f4me Savary, La Voix de l&#8217;Est, 12 septembre 2022<\/p>\n<p><a href=\"https:\/\/www.sherbrookerecord.com\/renovations-underway-for-sutton-volunteer-centre-community-project\/\">Renovations underway for Sutton volunteer centre community project<\/a>, Michael Boriero, Sherbrooke Record, 11 Septembre 2022<\/p>\n<p><a href=\"https:\/\/m105.ca\/actualite\/le-cab-sutton-presente-sa-maison-des-generations\/\">Le CAB Sutton pr\u00e9sente sa Maison des g\u00e9n\u00e9rations<\/a>, M105, 9 septembre 2022<\/p>\n<p><a href=\"https:\/\/canada-info.ca\/en\/maison-des-generations-olivet-house-project-officially-a-go-cab-sutton-highlights-project-during-journees-du-patrimoine-religieux\/\">Maison des g\u00e9n\u00e9rations &#8211; Olivet House project officially a go<\/a> &#8211; CAB Sutton highlights project during Journ\u00e9es du patrimoine religieux, Taylor McClure, CIDI, 8 September 2022<\/p>\n<p><a href=\"https:\/\/www.sherbrookerecord.com\/brome-county-news-july-6-2021-edition\/\" target=\"_blank\" rel=\"noopener\">CAB Sutton seeks to make new space a home<\/a>, Taylor McClure, Brome County News, July 6, 2021<\/p>\n<p><a href=\"https:\/\/m105.ca\/actualite\/le-cab-de-sutton-lance-sa-campagne-de-financement-pour-son-projet-de-maison-des-generations\/#.YN36fm1kdw0.mailto\" target=\"_blank\" rel=\"noopener\">Le CAB de Sutton lance sa campagne de financement pour son projet de Maison des g\u00e9n\u00e9rations<\/a>, Vanessa Lisabelle, M105, July 1, 2021<\/p>\n<p><a href=\"https:\/\/www.journalleguide.com\/2021\/06\/30\/six-organismes-communautaires-de-brome-missisquoi-recoivent-un-coup-de-pouce-du-federal\/\" target=\"_blank\" rel=\"noopener\">Six organismes communautaires de Brome-Missisquoi re\u00e7oivent un coup de pouce du f\u00e9d\u00e9ral<\/a>, Xavier Demers, Journal le Guide, June 30, 2021<\/p>\n<p><a href=\"https:\/\/www.lavoixdelest.ca\/actualites\/un-reve-sur-le-point-de-devenir-realite-c61bf1d443d64e47a363244f6d09d385\" target=\"_blank\" rel=\"noopener\">Un r\u00eave sur le point de devenir r\u00e9alit\u00e9<\/a>, Cynthia Laflamme, La Voix de l&#8217;Est, June 30, 2021<\/p>\n<p><a href=\"https:\/\/www.lavoixdelest.ca\/actualites\/un-peu-dair-pour-lutter-contre-linsecurite-alimentaire-dans-brome-missisquoi-9577b55ba7357b2eef260dcb8a4bef85\" target=\"_blank\" rel=\"noopener\">Un peu d&#8217;air pour lutter contre l&#8217;ins\u00e9curit\u00e9 alimentaire dans Brome-Missisquoi<\/a>, Cynthia Laflamme, La Voix de l&#8217;Est, June 22, 2021<\/p>\n<p><a href=\"https:\/\/m105.ca\/actualite\/des-organismes-de-brome-missisquoi-se-partagent-242-000\/\" target=\"_blank\" rel=\"noopener\">Des organismes de Brome-Missisquoi se partagent 242 000 $<\/a>, M105, June 22, 2021<\/p>\n<p><a href=\"https:\/\/journalletour.com\/la-maison-des-generations-cest-quoi\/\" target=\"_blank\" rel=\"noopener\">La Maison des g\u00e9n\u00e9rations, c&#8217;est quoi ?<\/a>, Janna Hubacek, Journal le Tour, Summer 2021<\/p>\n<p><a href=\"https:\/\/www.lavoixdelest.ca\/actualites\/le-cab-de-sutton-bientot-en-lieu-saint-012309932d70c8c48c15dbcb36ccb957\" target=\"_blank\" rel=\"noopener\">Le CAB de Sutton bient\u00f4t en lieu saint<\/a>, Cynthia Laflamme, La Voix de l&#8217;Est, May 18, 2021<\/p>\n<p><a href=\"https:\/\/www.journalleguide.com\/2021\/05\/19\/leglise-olivet-passe-aux-mains-du-cab-de-sutton\/\" target=\"_blank\" rel=\"noopener\">L&#8217;\u00e9glise Olivet passe aux mains du CAB de Sutton<\/a>, Xavier Demers, Journal Le Guide, May 19, 2021<\/p>\n<p><a href=\"https:\/\/journalletour.com\/maison-generations-sutton\/\" target=\"_blank\" rel=\"noopener\">Une maison des g\u00e9n\u00e9rations \u00e0 Sutton<\/a>, Janna Hubacek, Journal le Tour, Summer 2019<\/p>\n<h3>\n\t\tJohn-Sleeth Centre\n\t<\/h3>\n\t\t\t\t<img loading=\"lazy\" decoding=\"async\" src=\"http:\/\/cabsutton.com\/wp-content\/uploads\/2021\/06\/2-Centre-john-sleeth.jpg\" alt=\"Centre John Sleeth\" itemprop=\"image\" height=\"200\" width=\"200\" title=\"Centre John Sleeth\" onerror=\"this.style.display='none'\"  \/>\n\t<p><a href=\"https:\/\/www.lavoixdelest.ca\/actualites\/les-organismes-evacues-du-centre-john-sleeth-dans-linconnu-cdf084b631ad3e22a1be4e2e1f026f95\" target=\"_blank\" rel=\"noopener\">Les organismes \u00e9vacu\u00e9s du centre John-Sleeth dans l&#8217;inconnu<\/a>, Nicolas Bourcier, La Voix de l&#8217;Est, March 22, 2021<\/p>\n<p><a href=\"https:\/\/www.lavoixdelest.ca\/actualites\/le-centre-john-sleeth-ferme-durgence-618a1b45de0d705796e6afb097ef0cf9\" target=\"_blank\" rel=\"noopener\">Le centre John-Sleeth ferm\u00e9 d&#8217;urgence<\/a>, Cynthia Laflamme, La Voix de l&#8217;Est, March 18, 2021<\/p>\n<p><a href=\"https:\/\/ici.radio-canada.ca\/nouvelle\/1770215\/un-batiment-patrimonial-menace-a-sutton\" target=\"_blank\" rel=\"noopener\">Un b\u00e2timent patrimonial menac\u00e9 \u00e0 Sutton<\/a>, Radio-Canada, February 12, 2021<\/p>\n<p><a href=\"https:\/\/www.sherbrookerecord.com\/sutton-groups-denounce-lack-of-transparency-over-john-sleeth-centre\/\" target=\"_blank\" rel=\"noopener\">Sutton groups denounce lack of transparency over John Sleeth Centre<\/a>, Gordon Lambie, The Record, February 11, 2021<\/p>\n<p><a href=\"https:\/\/www.lavoixdelest.ca\/actualites\/lavenir-du-centre-john-sleeth-toujours-incertain-malgre-les-rumeurs-2e806f4faea70831f3eec59eaf0a5a3d\" target=\"_blank\" rel=\"noopener\">L&#8217;avenir du centre John-Sleeth toujours incertain, malgr\u00e9 les rumeurs<\/a>, Cynthia Laflamme, La Voix de l&#8217;Est, February 11, 2021<\/p>\n<p><a href=\"https:\/\/journalletour.com\/centre-john-sleeth\/\" target=\"_blank\" rel=\"noopener\">Le Centre John-Sleeth,<\/a> Janna Hubacek, Journal Le Tour, Fall 2018<\/p>\n<h3>\n\t\tCAB Sutton\n\t<\/h3>\n<h4>\n\t\tOur services at the time of COVID\n\t<\/h4>\n\t\t\t\t<img loading=\"lazy\" decoding=\"async\" src=\"https:\/\/cabsutton.com\/wp-content\/uploads\/2024\/07\/3-services-covid-circle-771e8c59af7ca5bd19aacc528f1b1921-60c3c259d40cf.jpg\" alt=\"3-services-covid-circle-771e8c59af7ca5bd19aacc528f1b1921-60c3c259d40cf\" itemprop=\"image\" height=\"200\" width=\"200\" title=\"3-services-covid-circle-771e8c59af7ca5bd19aacc528f1b1921-60c3c259d40cf\" onerror=\"this.style.display='none'\"  \/>\n\t<p><a href=\"https:\/\/journalletour.com\/cab-sutton-pandemie\/\" target=\"_blank\" rel=\"noopener\">Nourrir le corps, l&#8217;esprit et le c\u0153ur<\/a>, Daphn\u00e9e Poirier, Journal le Tour, Spring 2021<\/p>\n<p><a href=\"https:\/\/www.lavoixdelest.ca\/actualites\/une-guignolee-confinee-pour-le-cab-de-sutton-43a327a4fc81b2e2ee88cd6e2f3f290d\" target=\"_blank\" rel=\"noopener\">Une guignol\u00e9e \u00abconfin\u00e9e\u00bb pour le CAB de Sutton<\/a>, Nicolas Bourcier, La Voix de l&#8217;Est, November 22, 2020<\/p>\n<p><a href=\"https:\/\/journalletour.com\/confinement-cab-sutton\/\" target=\"_blank\" rel=\"noopener\">Le confinement vu du CAB Sutton<\/a>, Andr\u00e9e Pelletier, Journal le Tour, Summer 2020<\/p>\n<p><a href=\"https:\/\/www.lavoixdelest.ca\/actualites\/covid-19\/livraison-depicerie-pour-les-aines-de-waterloo-et-sutton-40c93b04abe05f6a108497e118734448\" target=\"_blank\" rel=\"noopener\">Livraison d&#8217;\u00e9picerie pour les a\u00een\u00e9s de Waterloo et Sutton<\/a>, Marie-\u00c8ve Martel, La Voix de l&#8217;Est, March 19, 2020<\/p>\n<h4>\n\t\tFood Security\n\t<\/h4>\n\t\t\t\t<img loading=\"lazy\" decoding=\"async\" src=\"http:\/\/cabsutton.com\/wp-content\/uploads\/2021\/06\/4-securite-alimentaire.jpg\" alt=\"S\u00e9curit\u00e9 alimentaire\" itemprop=\"image\" height=\"200\" width=\"200\" title=\"S\u00e9curit\u00e9 alimentaire\" onerror=\"this.style.display='none'\"  \/>\n\t<p><a href=\"https:\/\/sutton.ca\/la-deputee-isabelle-charest-remet-20-250-a-des-organismes-luttant-contre-linsecurite-alimentaire-dans-brome-missisquoi\/\">La d\u00e9put\u00e9e Isabelle Charest remet 20 250 $ \u00e0 des organismes luttant contre l&#8217;ins\u00e9curit\u00e9 alimentaire dans Brome-Missisquoi<\/a>, Town of Sutton, October 25, 2023.<\/p>\n<p><a href=\"https:\/\/sutton.ca\/en\/financial-support-from-the-mna-for-brome-missisquoi-to-cab-sutton-22-03-2022\/\">The Centre d&#8217;action b\u00e9n\u00e9vole (CAB) de Sutton will receive financial support from the MNA for Brome-Missisquoi, Isabelle Charest<\/a>, Town of Sutton, March 2022<\/p>\n<p><a href=\"https:\/\/journalletour.com\/anti-gaspillage-alimentaire\/\" target=\"_blank\" rel=\"noopener\">Un projet anti-gaspillage alimentaire<\/a>, Janna Hubacek, Journal le Tour, Fall 2019<\/p>\n<p><a href=\"https:\/\/journalletour.com\/frigodon-sutton\/\" target=\"_blank\" rel=\"noopener\">FrigoDON: un frigo communautaire \u00e0 Sutton<\/a>, Janna Hubacek, Journal le Tour, Fall 2017<\/p>\n<p><a href=\"https:\/\/journalletour.com\/cab-sutton\/\" target=\"_blank\" rel=\"noopener\">G\u00e9n\u00e9reuse communaut\u00e9 de Sutton, merci<\/a>!, Janna Hubacek, Journal le Tour, Winter 2017<\/p>\n<h4>\n\t\tSeniors Services\n\t<\/h4>\n\t\t\t\t<img loading=\"lazy\" decoding=\"async\" src=\"http:\/\/cabsutton.com\/wp-content\/uploads\/2021\/06\/5-Aines.jpg\" alt=\"Service aux a\u00een\u00e9s\" itemprop=\"image\" height=\"200\" width=\"200\" title=\"Service aux a\u00een\u00e9s\" onerror=\"this.style.display='none'\"  \/>\n\t<p><a href=\"http:\/\/Senior Outreach Work CAB de Sutton attempts to rebuild connections and a sense of community through senior outreach work\"> Senior Outreach Work CAB de Sutton attempts to rebuild connections and a sense of community through senior outreach work<\/a>, Taylor McClure, CIDI 99.1, November 3, 2023<\/p>\n<p><a href=\"https:\/\/sutton.ca\/information-de-la-deputee-de-brome-missisquoi-18-05-2023\/\">Un soutien financier est octroy\u00e9 \u00e0 trois organismes sans but lucratif de Brome-Missiquoi, dont le Centre d&#8217;action b\u00e9n\u00e9vole de Sutton, dans le cadre du programme Initiatives de travail de milieu aupr\u00e8s des a\u00een\u00e9s en situation de vuln\u00e9rabilit\u00e9 (ITMAV)<\/a> de la d\u00e9put\u00e9e de Brome-Missiquoi Isabelle Charest, Ville de Sutton, 18 mai 2023.<\/p>\n<p><a href=\"https:\/\/www.lavoixdelest.ca\/actualites\/de-belles-initiatives-en-soutien-aux-aines-04905027def0e9b05554e7c8e1b40f72\" target=\"_blank\" rel=\"noopener\">De belles initiatives en soutien aux a\u00een\u00e9s<\/a>, Isabelle Gaboriault, La Voix de l&#8217;Est, March 22, 2020<\/p>\n<p><a href=\"https:\/\/www.journalleguide.com\/2020\/02\/18\/le-centre-daction-benevole-de-sutton-lance-ses-cafes-50-hebdomadaires\/\" target=\"_blank\" rel=\"noopener\">Le Centre d&#8217;action b\u00e9n\u00e9vole de Sutton lance ses Caf\u00e9s 50+ hebdomadaires<\/a>, Xavier Demers, Journal Le Guide, February 18, 2020<\/p>\n<p><a href=\"https:\/\/journalletour.com\/aines-sutton-abercorn%e2%80%89\/\" target=\"_blank\" rel=\"noopener\">A\u00een\u00e9s de Sutton et d&#8217;Abercorn : comment vivre chez soi plus longtemps\u2009?<\/a>, Janna Hubacek, Journal le Tour, Spring 2019<\/p>\n<p><a href=\"https:\/\/www.journalleguide.com\/2017\/08\/24\/cab-sutton-un-bottin-de-ressources-destine-aux-aines-en-preparation\/\" target=\"_blank\" rel=\"noopener\">CAB Sutton: un bottin de ressources destin\u00e9 aux a\u00een\u00e9s en pr\u00e9parations<\/a>, Xavier Demers, Journal Le Guide, August 24, 2017<\/p>\n<h4>\n\t\tFamily Services\n\t<\/h4>\n\t\t\t\t<img loading=\"lazy\" decoding=\"async\" src=\"http:\/\/cabsutton.com\/wp-content\/uploads\/2021\/06\/6-familles.jpg\" alt=\"Services aux familles\" itemprop=\"image\" height=\"200\" width=\"200\" title=\"Services aux familles\" onerror=\"this.style.display='none'\"  \/>\n\t<p><a href=\"https:\/\/journalletour.com\/angie-dery-cabsutton-outreach-worker\/\" target=\"_blank\" rel=\"noopener\">CAB Sutton&#8217;s New Outreach Person<\/a>, Janna Hubacek, Journal le Tour, Winter 2021<\/p>\n<p><a href=\"https:\/\/journalletour.com\/ateliers-eveil\/\" target=\"_blank\" rel=\"noopener\">Les ateliers d&#8217;\u00e9veil<\/a>, Daphn\u00e9e Poirier, Journal le Tour, Winter 2019<\/p>\n<p><a href=\"https:\/\/journalletour.com\/familles-sutton\/\" target=\"_blank\" rel=\"noopener\">Familles de Sutton : la ru\u00e9e vers&#8230; l&#8217;ailleurs<\/a>, Janna Hubacek, Journal le Tour, Summer 2018<\/p>\n<h2>\n\t\tANNual general meeting\n\t<\/h2>\n\t<p>CAB Sutton held its Annual General Meeting on June 19, 2024<\/p>\n<h2>\n\t\tImages for the media\n\t<\/h2>\n<h2>\n\t\tThe faces of CAB Sutton\n\t<\/h2>\n\t<iframe allowfullscreen allow=\"autoplay\" data-src=\"https:\/\/www.youtube.com\/embed\/tSrh9ygh67o?feature=oembed&amp;start&amp;end&amp;wmode=opaque&amp;loop=0&amp;controls=1&amp;mute=0&amp;rel=0&amp;modestbranding=0\" title=\"Partie 1\"><\/iframe>\t\t\n\t\t\t\t\tPlay Video\n\t\t\tPartie 1\n\t<iframe allowfullscreen allow=\"autoplay\" data-src=\"https:\/\/www.youtube.com\/embed\/g-VaHtzaqBE?feature=oembed&amp;start&amp;end&amp;wmode=opaque&amp;loop=0&amp;controls=1&amp;mute=0&amp;rel=0&amp;modestbranding=0\" title=\"Partie 2\"><\/iframe>\t\t\n\t\t\t\t\tPlay Video\n\t\t\tPartie 2\n\n","protected":false},"excerpt":{"rendered":"<p>Press releases The Olivet Church welcomes the CAB Sutton&#8217;s Maison des g\u00e9n\u00e9rations-Olivet House, Sutton, May 17, 2021 Media coverage Maison des g\u00e9n\u00e9rations-Olivet House La Maison des g\u00e9n\u00e9rations ouvre ses portes \u00e0 Sutton, J\u00e9r\u00f4me Savary, La Voix de l&#8217;Est, October 4th, 2023 Les nouvelles installations du CAB Sutton d\u00e9voil\u00e9es, M105, 4 octobre 2023 CAB Sutton a&hellip;<\/p>\n","protected":false},"author":8,"featured_media":0,"parent":0,"menu_order":140,"comment_status":"closed","ping_status":"closed","template":"","meta":{"footnotes":""},"class_list":["post-4641","page","type-page","status-publish","hentry"],"yoast_head":"<!-- This site is optimized with the Yoast SEO plugin v27.4 - https:\/\/yoast.com\/product\/yoast-seo-wordpress\/ -->\n<title>Press &amp; Media - Sutton Volunteer Centre<\/title>\n<meta name=\"robots\" content=\"index, follow, max-snippet:-1, max-image-preview:large, max-video-preview:-1\" \/>\n<link rel=\"canonical\" href=\"https:\/\/cabsutton.com\/en\/press-media\/\" \/>\n<meta property=\"og:locale\" content=\"en_US\" \/>\n<meta property=\"og:type\" content=\"article\" \/>\n<meta property=\"og:title\" content=\"Press &amp; Media - Sutton Volunteer Centre\" \/>\n<meta property=\"og:description\" content=\"Press releases The Olivet Church welcomes the CAB Sutton&#8217;s Maison des g\u00e9n\u00e9rations-Olivet House, Sutton, May 17, 2021 Media coverage Maison des g\u00e9n\u00e9rations-Olivet House La Maison des g\u00e9n\u00e9rations ouvre ses portes \u00e0 Sutton, J\u00e9r\u00f4me Savary, La Voix de l&#8217;Est, October 4th, 2023 Les nouvelles installations du CAB Sutton d\u00e9voil\u00e9es, M105, 4 octobre 2023 CAB Sutton a&hellip;\" \/>\n<meta property=\"og:url\" content=\"https:\/\/cabsutton.com\/en\/press-media\/\" \/>\n<meta property=\"og:site_name\" content=\"Sutton Volunteer Centre\" \/>\n<meta property=\"article:modified_time\" content=\"2024-07-30T18:32:14+00:00\" \/>\n<meta property=\"og:image\" content=\"http:\/\/cabsutton.com\/wp-content\/uploads\/2021\/06\/1-MDG.jpg\" \/>\n<meta name=\"twitter:card\" content=\"summary_large_image\" \/>\n<meta name=\"twitter:label1\" content=\"Est. reading time\" \/>\n\t<meta name=\"twitter:data1\" content=\"4 minutes\" \/>\n<script type=\"application\/ld+json\" class=\"yoast-schema-graph\">{\"@context\":\"https:\\\/\\\/schema.org\",\"@graph\":[{\"@type\":\"WebPage\",\"@id\":\"https:\\\/\\\/cabsutton.com\\\/en\\\/press-media\\\/\",\"url\":\"https:\\\/\\\/cabsutton.com\\\/en\\\/press-media\\\/\",\"name\":\"Press & Media - Sutton Volunteer Centre\",\"isPartOf\":{\"@id\":\"https:\\\/\\\/cabsutton.com\\\/en\\\/#website\"},\"primaryImageOfPage\":{\"@id\":\"https:\\\/\\\/cabsutton.com\\\/en\\\/press-media\\\/#primaryimage\"},\"image\":{\"@id\":\"https:\\\/\\\/cabsutton.com\\\/en\\\/press-media\\\/#primaryimage\"},\"thumbnailUrl\":\"http:\\\/\\\/cabsutton.com\\\/wp-content\\\/uploads\\\/2021\\\/06\\\/1-MDG.jpg\",\"datePublished\":\"2021-05-26T14:51:27+00:00\",\"dateModified\":\"2024-07-30T18:32:14+00:00\",\"breadcrumb\":{\"@id\":\"https:\\\/\\\/cabsutton.com\\\/en\\\/press-media\\\/#breadcrumb\"},\"inLanguage\":\"en-US\",\"potentialAction\":[{\"@type\":\"ReadAction\",\"target\":[\"https:\\\/\\\/cabsutton.com\\\/en\\\/press-media\\\/\"]}]},{\"@type\":\"ImageObject\",\"inLanguage\":\"en-US\",\"@id\":\"https:\\\/\\\/cabsutton.com\\\/en\\\/press-media\\\/#primaryimage\",\"url\":\"http:\\\/\\\/cabsutton.com\\\/wp-content\\\/uploads\\\/2021\\\/06\\\/1-MDG.jpg\",\"contentUrl\":\"http:\\\/\\\/cabsutton.com\\\/wp-content\\\/uploads\\\/2021\\\/06\\\/1-MDG.jpg\"},{\"@type\":\"BreadcrumbList\",\"@id\":\"https:\\\/\\\/cabsutton.com\\\/en\\\/press-media\\\/#breadcrumb\",\"itemListElement\":[{\"@type\":\"ListItem\",\"position\":1,\"name\":\"Home\",\"item\":\"https:\\\/\\\/cabsutton.com\\\/en\\\/\"},{\"@type\":\"ListItem\",\"position\":2,\"name\":\"Press &#038; Media\"}]},{\"@type\":\"WebSite\",\"@id\":\"https:\\\/\\\/cabsutton.com\\\/en\\\/#website\",\"url\":\"https:\\\/\\\/cabsutton.com\\\/en\\\/\",\"name\":\"Sutton Volunteer Centre\",\"description\":\"Improving the social fabric of the communities of Sutton and Abercorn\",\"potentialAction\":[{\"@type\":\"SearchAction\",\"target\":{\"@type\":\"EntryPoint\",\"urlTemplate\":\"https:\\\/\\\/cabsutton.com\\\/en\\\/?s={search_term_string}\"},\"query-input\":{\"@type\":\"PropertyValueSpecification\",\"valueRequired\":true,\"valueName\":\"search_term_string\"}}],\"inLanguage\":\"en-US\"}]}<\/script>\n<!-- \/ Yoast SEO plugin. -->","yoast_head_json":{"title":"Press & Media - Sutton Volunteer Centre","robots":{"index":"index","follow":"follow","max-snippet":"max-snippet:-1","max-image-preview":"max-image-preview:large","max-video-preview":"max-video-preview:-1"},"canonical":"https:\/\/cabsutton.com\/en\/press-media\/","og_locale":"en_US","og_type":"article","og_title":"Press & Media - Sutton Volunteer Centre","og_description":"Press releases The Olivet Church welcomes the CAB Sutton&#8217;s Maison des g\u00e9n\u00e9rations-Olivet House, Sutton, May 17, 2021 Media coverage Maison des g\u00e9n\u00e9rations-Olivet House La Maison des g\u00e9n\u00e9rations ouvre ses portes \u00e0 Sutton, J\u00e9r\u00f4me Savary, La Voix de l&#8217;Est, October 4th, 2023 Les nouvelles installations du CAB Sutton d\u00e9voil\u00e9es, M105, 4 octobre 2023 CAB Sutton a&hellip;","og_url":"https:\/\/cabsutton.com\/en\/press-media\/","og_site_name":"Sutton Volunteer Centre","article_modified_time":"2024-07-30T18:32:14+00:00","og_image":[{"url":"http:\/\/cabsutton.com\/wp-content\/uploads\/2021\/06\/1-MDG.jpg","type":"","width":"","height":""}],"twitter_card":"summary_large_image","twitter_misc":{"Est. reading time":"4 minutes"},"schema":{"@context":"https:\/\/schema.org","@graph":[{"@type":"WebPage","@id":"https:\/\/cabsutton.com\/en\/press-media\/","url":"https:\/\/cabsutton.com\/en\/press-media\/","name":"Press & Media - Sutton Volunteer Centre","isPartOf":{"@id":"https:\/\/cabsutton.com\/en\/#website"},"primaryImageOfPage":{"@id":"https:\/\/cabsutton.com\/en\/press-media\/#primaryimage"},"image":{"@id":"https:\/\/cabsutton.com\/en\/press-media\/#primaryimage"},"thumbnailUrl":"http:\/\/cabsutton.com\/wp-content\/uploads\/2021\/06\/1-MDG.jpg","datePublished":"2021-05-26T14:51:27+00:00","dateModified":"2024-07-30T18:32:14+00:00","breadcrumb":{"@id":"https:\/\/cabsutton.com\/en\/press-media\/#breadcrumb"},"inLanguage":"en-US","potentialAction":[{"@type":"ReadAction","target":["https:\/\/cabsutton.com\/en\/press-media\/"]}]},{"@type":"ImageObject","inLanguage":"en-US","@id":"https:\/\/cabsutton.com\/en\/press-media\/#primaryimage","url":"http:\/\/cabsutton.com\/wp-content\/uploads\/2021\/06\/1-MDG.jpg","contentUrl":"http:\/\/cabsutton.com\/wp-content\/uploads\/2021\/06\/1-MDG.jpg"},{"@type":"BreadcrumbList","@id":"https:\/\/cabsutton.com\/en\/press-media\/#breadcrumb","itemListElement":[{"@type":"ListItem","position":1,"name":"Home","item":"https:\/\/cabsutton.com\/en\/"},{"@type":"ListItem","position":2,"name":"Press &#038; Media"}]},{"@type":"WebSite","@id":"https:\/\/cabsutton.com\/en\/#website","url":"https:\/\/cabsutton.com\/en\/","name":"Sutton Volunteer Centre","description":"Improving the social fabric of the communities of Sutton and Abercorn","potentialAction":[{"@type":"SearchAction","target":{"@type":"EntryPoint","urlTemplate":"https:\/\/cabsutton.com\/en\/?s={search_term_string}"},"query-input":{"@type":"PropertyValueSpecification","valueRequired":true,"valueName":"search_term_string"}}],"inLanguage":"en-US"}]}},"_links":{"self":[{"href":"https:\/\/cabsutton.com\/en\/wp-json\/wp\/v2\/pages\/4641","targetHints":{"allow":["GET"]}}],"collection":[{"href":"https:\/\/cabsutton.com\/en\/wp-json\/wp\/v2\/pages"}],"about":[{"href":"https:\/\/cabsutton.com\/en\/wp-json\/wp\/v2\/types\/page"}],"author":[{"embeddable":true,"href":"https:\/\/cabsutton.com\/en\/wp-json\/wp\/v2\/users\/8"}],"replies":[{"embeddable":true,"href":"https:\/\/cabsutton.com\/en\/wp-json\/wp\/v2\/comments?post=4641"}],"version-history":[{"count":13,"href":"https:\/\/cabsutton.com\/en\/wp-json\/wp\/v2\/pages\/4641\/revisions"}],"predecessor-version":[{"id":9487,"href":"https:\/\/cabsutton.com\/en\/wp-json\/wp\/v2\/pages\/4641\/revisions\/9487"}],"wp:attachment":[{"href":"https:\/\/cabsutton.com\/en\/wp-json\/wp\/v2\/media?parent=4641"}],"curies":[{"name":"wp","href":"https:\/\/api.w.org\/{rel}","templated":true}]}}