{"id":4628,"date":"2021-06-03T16:51:38","date_gmt":"2021-06-03T20:51:38","guid":{"rendered":"http:\/\/cabsutton.com\/?page_id=4628"},"modified":"2026-04-08T13:55:53","modified_gmt":"2026-04-08T17:55:53","slug":"volunteering","status":"publish","type":"page","link":"https:\/\/cabsutton.com\/en\/services\/volunteering\/","title":{"rendered":"Volunteer work"},"content":{"rendered":"\n<h1>\n\t\tVolunteer work\n\t<\/h1>\n\t<p>In the nearly 40 years since the CAB began, hundreds of volunteers have dedicated their time and experience to help build a stronger, healthier community for all residents of Sutton and Abercorn. Each week, they play a vital role in providing community services and many of our programs rely on their engagement and commitment, such as the Food Bank, the Meals on Wheels, the Homework Assistance program, and the Collective Kitchen. How can you help? We believe that sharing your skills, experience, time, and knowledge can benefit the whole community.<\/p>\n\t\t\t<a href=\"https:\/\/cabsutton.com\/en\/contact-us\/\" target=\"_self\" rel=\"noopener\">\n\t\t\t\t\t\t\tContact us for details on how you can get involved as a volunteer.\n\t\t\t\t\t<\/a>\n\t\t\t\t<h2>Testimonial<\/h2>\n\t\t\t<img decoding=\"async\" src=\"http:\/\/cabsutton.com\/wp-content\/uploads\/2021\/06\/Edith-Dandenault.jpg\" alt=\"Edith Dandenault \" \/>\n\t\t\t\t\t\t\t<p>The CAB is all the proof I need that the human heart and its willingness to help and love beats strong and hard in the heart of my community. Every volunteer I get to work with in the various fundraising events is ready to give, ready to help, ready to serve towards a collective goal. Since 2016, I have participated in various CAB activities and each one is like getting a massive hug for the soul. There is great joy that comes from putting energy into my community. I feel privileged to get to work side by side with people with hearts of gold who mobilize for those who just need a little bit of free love. Bravo!<\/p>\n\t\t\t\t\t\t\t\t\t<h3>Edith Dandenault <\/h3>\n\t<!-- \/.pp-testimonials -->\n<h2>\n\t\tRetroLabo-35th anniversary of the Sutton Volunteer Centre\n\t<\/h2>\n<h5>\n\t\tRetroLabo celebrates the Sutton Volunteer Centre&#8217;s 35th Anniversary by turning the spotlight on the people who work behind the scenes.\n\t<\/h5>\n\t<p>Two photographers recreated 35 vintage photos, capturing the subjects&#8217; timeless gaze and inner child. These portraits are accompanied by texts written by local children. These personal stories embody all those who have cultivated and kept alive the community spirit in Sutton Abercorn. RetroLabo: Art Social Engagement! Our work is inspired by people coming together, by involving children and the population in our creative process in a way that fosters social cohesion. The RetroLabo project for the Sutton Volunteer Centre&#8217;s 35th anniversary was the perfect opportunity to highlight the people who are all too often overlooked in our community. We dug through 35 family albums and were particularly interested in evoking the inner child, which the work of <strong>\u00c9liane Excoffier<\/strong> and <strong>Tristan Corbeil Lapointe<\/strong> captures eloquently. The artists focused primarily on the subjects&#8217; gaze, rather than seeking to reproduce the vintage photos exactly. Much ingenuity went into creating Suzanne Lemay&#8217;s costumes and Eric Charbonneau&#8217;s sets. Sutton School children interviewed and collected the stories of the 35 subjects under the guidance of their teachers, Fr\u00e9d\u00e9rique Bruneau, Marie-H\u00e9l\u00e8ne Desnoyers and Robyn Meyer. RetroLabo is a touching and thought provoking creation that reveals intimate stories that we can identify with and learn from.<\/p>\n<h6>\n\t\tArtistic Directors, Isabelle Grenier and St\u00e9phane Lemardel\u00e9\n\t<\/h6>\n\t\t\t\t<img loading=\"lazy\" decoding=\"async\" src=\"http:\/\/cabsutton.com\/wp-content\/uploads\/2021\/06\/RetroLabo.jpg\" alt=\"RetroLabo-35 ans du CAB Sutton\" itemprop=\"image\" height=\"671\" width=\"1000\" title=\"RetroLabo-35 ans du CAB  Sutton\" onerror=\"this.style.display='none'\"  \/>\n\t\t<h5><a href=\"http:\/\/cabsutton.com\/wp-content\/uploads\/2020\/04\/RETROLABOlivrecomplet.pdf\" target=\"_blank\" rel=\"noopener\">You can view the electronic version of the RetroLabo book in its entirety right here<\/a><\/h5>\n\t\t\t<a href=\"http:\/\/cabsutton.com\/wp-content\/uploads\/2020\/04\/RETROLABOlivrecomplet.pdf\" target=\"_blank\" rel=\"noopener\">\n\t\t\t\t\t\tAccess the book in its electronic version\n\t\t\t\t\t<\/a>\n\t\t\t\t<a href=\"http:\/\/cabsutton.com\/wp-content\/uploads\/2020\/04\/RETROLABOlivrecomplet.pdf\" target=\"_blank\" rel=\"noopener\" itemprop=\"url\">\n\t\t\t\t<img loading=\"lazy\" decoding=\"async\" src=\"http:\/\/cabsutton.com\/wp-content\/uploads\/2021\/06\/RetroLabo-300x201.jpg\" alt=\"RetroLabo-35 ans du CAB Sutton\" itemprop=\"image\" height=\"201\" width=\"300\" title=\"RetroLabo-35 ans du CAB  Sutton\" onerror=\"this.style.display='none'\"  \/>\n\t\t\t\t<\/a>\n<h5>\n\t\tYou can also admire the work along the bike path in Sutton!\n\t<\/h5>\n\t<p>Thank you all for this great collaboration!<\/p>\n<h2>\n\t\t40th anniversary of the Sutton Volunteer Centre\n\t<\/h2>\n\t<p>To celebrate this anniversary, we&#8217;ve given a voice to some of the volunteers who have kept the CAB going over the years, as a way of saying thank you to all those who share their passion for the organization and its social contribution to the community.<\/p>\n<p>Happy Birthday CAB!<\/p>\n<p><strong><a href=\"https:\/\/www.youtube.com\/embed\/tSrh9ygh67o?si=pHUvp_5Bc2Sxdwmz\" target=\"_blank\" rel=\"noopener\">Les visages du CAB &#8211; partie 1<\/a><\/strong><\/p>\n<p><strong><a href=\"https:\/\/www.youtube-nocookie.com\/embed\/g-VaHtzaqBE?si=LoQhWzrhDZN6W3mt\" target=\"_blank\" rel=\"noopener\">Les visages du CAB &#8211; partie 2<\/a><\/strong><\/p>\n\n\n","protected":false},"excerpt":{"rendered":"<p>Volunteer work In the nearly 40 years since the CAB began, hundreds of volunteers have dedicated their time and experience to help build a stronger, healthier community for all residents of Sutton and Abercorn. Each week, they play a vital role in providing community services and many of our programs rely on their engagement and&hellip;<\/p>\n","protected":false},"author":8,"featured_media":0,"parent":4710,"menu_order":240,"comment_status":"closed","ping_status":"closed","template":"","meta":{"footnotes":""},"class_list":["post-4628","page","type-page","status-publish","hentry"],"yoast_head":"<!-- This site is optimized with the Yoast SEO plugin v27.4 - https:\/\/yoast.com\/product\/yoast-seo-wordpress\/ -->\n<title>Volunteer work - Sutton Volunteer Centre<\/title>\n<meta name=\"robots\" content=\"index, follow, max-snippet:-1, max-image-preview:large, max-video-preview:-1\" \/>\n<link rel=\"canonical\" href=\"https:\/\/cabsutton.com\/en\/services\/volunteering\/\" \/>\n<meta property=\"og:locale\" content=\"en_US\" \/>\n<meta property=\"og:type\" content=\"article\" \/>\n<meta property=\"og:title\" content=\"Volunteer work - Sutton Volunteer Centre\" \/>\n<meta property=\"og:description\" content=\"Volunteer work In the nearly 40 years since the CAB began, hundreds of volunteers have dedicated their time and experience to help build a stronger, healthier community for all residents of Sutton and Abercorn. Each week, they play a vital role in providing community services and many of our programs rely on their engagement and&hellip;\" \/>\n<meta property=\"og:url\" content=\"https:\/\/cabsutton.com\/en\/services\/volunteering\/\" \/>\n<meta property=\"og:site_name\" content=\"Sutton Volunteer Centre\" \/>\n<meta property=\"article:modified_time\" content=\"2026-04-08T17:55:53+00:00\" \/>\n<meta property=\"og:image\" content=\"http:\/\/cabsutton.com\/wp-content\/uploads\/2021\/06\/Edith-Dandenault.jpg\" \/>\n<meta name=\"twitter:card\" content=\"summary_large_image\" \/>\n<script type=\"application\/ld+json\" class=\"yoast-schema-graph\">{\"@context\":\"https:\\\/\\\/schema.org\",\"@graph\":[{\"@type\":\"WebPage\",\"@id\":\"https:\\\/\\\/cabsutton.com\\\/en\\\/services\\\/volunteering\\\/\",\"url\":\"https:\\\/\\\/cabsutton.com\\\/en\\\/services\\\/volunteering\\\/\",\"name\":\"Volunteer work - Sutton Volunteer Centre\",\"isPartOf\":{\"@id\":\"https:\\\/\\\/cabsutton.com\\\/en\\\/#website\"},\"primaryImageOfPage\":{\"@id\":\"https:\\\/\\\/cabsutton.com\\\/en\\\/services\\\/volunteering\\\/#primaryimage\"},\"image\":{\"@id\":\"https:\\\/\\\/cabsutton.com\\\/en\\\/services\\\/volunteering\\\/#primaryimage\"},\"thumbnailUrl\":\"http:\\\/\\\/cabsutton.com\\\/wp-content\\\/uploads\\\/2021\\\/06\\\/Edith-Dandenault.jpg\",\"datePublished\":\"2021-06-03T20:51:38+00:00\",\"dateModified\":\"2026-04-08T17:55:53+00:00\",\"breadcrumb\":{\"@id\":\"https:\\\/\\\/cabsutton.com\\\/en\\\/services\\\/volunteering\\\/#breadcrumb\"},\"inLanguage\":\"en-US\",\"potentialAction\":[{\"@type\":\"ReadAction\",\"target\":[\"https:\\\/\\\/cabsutton.com\\\/en\\\/services\\\/volunteering\\\/\"]}]},{\"@type\":\"ImageObject\",\"inLanguage\":\"en-US\",\"@id\":\"https:\\\/\\\/cabsutton.com\\\/en\\\/services\\\/volunteering\\\/#primaryimage\",\"url\":\"http:\\\/\\\/cabsutton.com\\\/wp-content\\\/uploads\\\/2021\\\/06\\\/Edith-Dandenault.jpg\",\"contentUrl\":\"http:\\\/\\\/cabsutton.com\\\/wp-content\\\/uploads\\\/2021\\\/06\\\/Edith-Dandenault.jpg\"},{\"@type\":\"BreadcrumbList\",\"@id\":\"https:\\\/\\\/cabsutton.com\\\/en\\\/services\\\/volunteering\\\/#breadcrumb\",\"itemListElement\":[{\"@type\":\"ListItem\",\"position\":1,\"name\":\"Home\",\"item\":\"https:\\\/\\\/cabsutton.com\\\/en\\\/\"},{\"@type\":\"ListItem\",\"position\":2,\"name\":\"Services\",\"item\":\"https:\\\/\\\/cabsutton.com\\\/en\\\/services\\\/\"},{\"@type\":\"ListItem\",\"position\":3,\"name\":\"Volunteer work\"}]},{\"@type\":\"WebSite\",\"@id\":\"https:\\\/\\\/cabsutton.com\\\/en\\\/#website\",\"url\":\"https:\\\/\\\/cabsutton.com\\\/en\\\/\",\"name\":\"Sutton Volunteer Centre\",\"description\":\"Improving the social fabric of the communities of Sutton and Abercorn\",\"potentialAction\":[{\"@type\":\"SearchAction\",\"target\":{\"@type\":\"EntryPoint\",\"urlTemplate\":\"https:\\\/\\\/cabsutton.com\\\/en\\\/?s={search_term_string}\"},\"query-input\":{\"@type\":\"PropertyValueSpecification\",\"valueRequired\":true,\"valueName\":\"search_term_string\"}}],\"inLanguage\":\"en-US\"}]}<\/script>\n<!-- \/ Yoast SEO plugin. -->","yoast_head_json":{"title":"Volunteer work - Sutton Volunteer Centre","robots":{"index":"index","follow":"follow","max-snippet":"max-snippet:-1","max-image-preview":"max-image-preview:large","max-video-preview":"max-video-preview:-1"},"canonical":"https:\/\/cabsutton.com\/en\/services\/volunteering\/","og_locale":"en_US","og_type":"article","og_title":"Volunteer work - Sutton Volunteer Centre","og_description":"Volunteer work In the nearly 40 years since the CAB began, hundreds of volunteers have dedicated their time and experience to help build a stronger, healthier community for all residents of Sutton and Abercorn. Each week, they play a vital role in providing community services and many of our programs rely on their engagement and&hellip;","og_url":"https:\/\/cabsutton.com\/en\/services\/volunteering\/","og_site_name":"Sutton Volunteer Centre","article_modified_time":"2026-04-08T17:55:53+00:00","og_image":[{"url":"http:\/\/cabsutton.com\/wp-content\/uploads\/2021\/06\/Edith-Dandenault.jpg","type":"","width":"","height":""}],"twitter_card":"summary_large_image","schema":{"@context":"https:\/\/schema.org","@graph":[{"@type":"WebPage","@id":"https:\/\/cabsutton.com\/en\/services\/volunteering\/","url":"https:\/\/cabsutton.com\/en\/services\/volunteering\/","name":"Volunteer work - Sutton Volunteer Centre","isPartOf":{"@id":"https:\/\/cabsutton.com\/en\/#website"},"primaryImageOfPage":{"@id":"https:\/\/cabsutton.com\/en\/services\/volunteering\/#primaryimage"},"image":{"@id":"https:\/\/cabsutton.com\/en\/services\/volunteering\/#primaryimage"},"thumbnailUrl":"http:\/\/cabsutton.com\/wp-content\/uploads\/2021\/06\/Edith-Dandenault.jpg","datePublished":"2021-06-03T20:51:38+00:00","dateModified":"2026-04-08T17:55:53+00:00","breadcrumb":{"@id":"https:\/\/cabsutton.com\/en\/services\/volunteering\/#breadcrumb"},"inLanguage":"en-US","potentialAction":[{"@type":"ReadAction","target":["https:\/\/cabsutton.com\/en\/services\/volunteering\/"]}]},{"@type":"ImageObject","inLanguage":"en-US","@id":"https:\/\/cabsutton.com\/en\/services\/volunteering\/#primaryimage","url":"http:\/\/cabsutton.com\/wp-content\/uploads\/2021\/06\/Edith-Dandenault.jpg","contentUrl":"http:\/\/cabsutton.com\/wp-content\/uploads\/2021\/06\/Edith-Dandenault.jpg"},{"@type":"BreadcrumbList","@id":"https:\/\/cabsutton.com\/en\/services\/volunteering\/#breadcrumb","itemListElement":[{"@type":"ListItem","position":1,"name":"Home","item":"https:\/\/cabsutton.com\/en\/"},{"@type":"ListItem","position":2,"name":"Services","item":"https:\/\/cabsutton.com\/en\/services\/"},{"@type":"ListItem","position":3,"name":"Volunteer work"}]},{"@type":"WebSite","@id":"https:\/\/cabsutton.com\/en\/#website","url":"https:\/\/cabsutton.com\/en\/","name":"Sutton Volunteer Centre","description":"Improving the social fabric of the communities of Sutton and Abercorn","potentialAction":[{"@type":"SearchAction","target":{"@type":"EntryPoint","urlTemplate":"https:\/\/cabsutton.com\/en\/?s={search_term_string}"},"query-input":{"@type":"PropertyValueSpecification","valueRequired":true,"valueName":"search_term_string"}}],"inLanguage":"en-US"}]}},"_links":{"self":[{"href":"https:\/\/cabsutton.com\/en\/wp-json\/wp\/v2\/pages\/4628","targetHints":{"allow":["GET"]}}],"collection":[{"href":"https:\/\/cabsutton.com\/en\/wp-json\/wp\/v2\/pages"}],"about":[{"href":"https:\/\/cabsutton.com\/en\/wp-json\/wp\/v2\/types\/page"}],"author":[{"embeddable":true,"href":"https:\/\/cabsutton.com\/en\/wp-json\/wp\/v2\/users\/8"}],"replies":[{"embeddable":true,"href":"https:\/\/cabsutton.com\/en\/wp-json\/wp\/v2\/comments?post=4628"}],"version-history":[{"count":12,"href":"https:\/\/cabsutton.com\/en\/wp-json\/wp\/v2\/pages\/4628\/revisions"}],"predecessor-version":[{"id":9562,"href":"https:\/\/cabsutton.com\/en\/wp-json\/wp\/v2\/pages\/4628\/revisions\/9562"}],"up":[{"embeddable":true,"href":"https:\/\/cabsutton.com\/en\/wp-json\/wp\/v2\/pages\/4710"}],"wp:attachment":[{"href":"https:\/\/cabsutton.com\/en\/wp-json\/wp\/v2\/media?parent=4628"}],"curies":[{"name":"wp","href":"https:\/\/api.w.org\/{rel}","templated":true}]}}